{"id":525,"date":"2025-08-19T12:04:36","date_gmt":"2025-08-19T10:04:36","guid":{"rendered":"https:\/\/instaran.com\/empresa-2\/"},"modified":"2025-10-17T10:09:59","modified_gmt":"2025-10-17T08:09:59","slug":"empresa-2","status":"publish","type":"page","link":"https:\/\/instaran.com\/ca\/empresa-2\/","title":{"rendered":"Empresa"},"content":{"rendered":"<p>[et_pb_section fb_built=&#8221;1&#8243; admin_label=&#8221;Header&#8221; _builder_version=&#8221;4.24.3&#8243; _module_preset=&#8221;default&#8221; collapsed=&#8221;on&#8221; global_colors_info=&#8221;{}&#8221;][et_pb_row _builder_version=&#8221;4.24.3&#8243; _module_preset=&#8221;default&#8221; max_width=&#8221;none&#8221; global_colors_info=&#8221;{}&#8221;][et_pb_column type=&#8221;4_4&#8243; _builder_version=&#8221;4.24.3&#8243; _module_preset=&#8221;default&#8221; global_colors_info=&#8221;{}&#8221;][et_pb_heading title=&#8221;sobre nosaltres&#8221; _builder_version=&#8221;4.27.4&#8243; _module_preset=&#8221;5f2019bb-442f-4a71-a344-270b6f792422&#8243; max_width=&#8221;1080%&#8221; global_colors_info=&#8221;{}&#8221;][\/et_pb_heading][et_pb_text quote_border_color=&#8221;#ff4d00&#8243; _builder_version=&#8221;4.27.4&#8243; _module_preset=&#8221;742ab034-33c6-4e00-b80c-b81053350eff&#8221; link_text_color=&#8221;#ff4d00&#8243; quote_text_color=&#8221;#2f5d58&#8243; max_width=&#8221;1080px&#8221; global_colors_info=&#8221;{}&#8221;]<\/p>\n<p><strong data-start=\"1955\" data-end=\"1993\">Instal\u00b7lem, reparem i mantenim<\/strong> portes autom\u00e0tiques de garatge (comunit\u00e0ries, p\u00fabliques o privades) i portes de vidre autom\u00e0tiques. El nostre equip est\u00e0 en formaci\u00f3 cont\u00ednua per aplicar les \u00faltimes t\u00e8cniques i tecnologies. La satisfacci\u00f3 del client \u00e9s la nostra prioritat.<\/p>\n<p>[\/et_pb_text][\/et_pb_column][\/et_pb_row][et_pb_row column_structure=&#8221;2_3,1_3&#8243; _builder_version=&#8221;4.24.3&#8243; _module_preset=&#8221;default&#8221; max_width=&#8221;none&#8221; custom_margin=&#8221;30px||30px||true|false&#8221; custom_margin_tablet=&#8221;0px||30px||false|false&#8221; custom_margin_phone=&#8221;0px||30px||false|false&#8221; custom_margin_last_edited=&#8221;on|tablet&#8221; global_colors_info=&#8221;{}&#8221;][et_pb_column type=&#8221;2_3&#8243; _builder_version=&#8221;4.24.3&#8243; _module_preset=&#8221;default&#8221; global_colors_info=&#8221;{}&#8221;][et_pb_image src=&#8221;https:\/\/instaran.com\/wp-content\/uploads\/cancela-2.webp&#8221; title_text=&#8221;cancel\u00b7la 2&#8243; _builder_version=&#8221;4.27.4&#8243; _module_preset=&#8221;default&#8221; animation_style=&#8221;slide&#8221; animation_direction=&#8221;left&#8221; global_colors_info=&#8221;{}&#8221;][\/et_pb_image][\/et_pb_column][et_pb_column type=&#8221;1_3&#8243; _builder_version=&#8221;4.24.3&#8243; _module_preset=&#8221;default&#8221; global_colors_info=&#8221;{}&#8221;][et_pb_heading title=&#8221;Altres activitats&#8221; _builder_version=&#8221;4.27.4&#8243; _module_preset=&#8221;71885bfd-380f-49b4-96fa-ab46b40d1ddb&#8221; title_text_color=&#8221;gcid-3e93bdc5-146d-448e-a761-9f1b4dd51113&#8243; hover_enabled=&#8221;0&#8243; locked=&#8221;off&#8221; global_colors_info=&#8221;{%22gcid-3e93bdc5-146d-448e-a761-9f1b4dd51113%22:%91%22link_text_color%22,%22quote_border_color%22,%22title_text_color%22%93,%22gcid-c7d8f091-13fc-48ff-a161-01fd58ed72d5%22:%91%22quote_text_color%22,%22quote_text_color%22,%22quote_text_color%22%93}&#8221; title_level=&#8221;h2&#8243; sticky_enabled=&#8221;0&#8243;][\/et_pb_heading][et_pb_text quote_border_color=&#8221;#ff4d00&#8243; _builder_version=&#8221;4.27.4&#8243; _module_preset=&#8221;6a5224da-79ed-46f8-afe1-3bad3b55c80f&#8221; link_text_color=&#8221;#ff4d00&#8243; quote_text_color=&#8221;#2f5d58&#8243; max_width=&#8221;1080px&#8221; locked=&#8221;off&#8221; global_colors_info=&#8221;{}&#8221;]<\/p>\n<table border=\"1\" style=\"border-collapse: collapse; width: 100%;\">\n<tbody>\n<tr>\n<td style=\"width: 50%; text-align: center;\"><img loading=\"lazy\" decoding=\"async\" src=\"https:\/\/instaran.com\/wp-content\/uploads\/2-4-300x300.png\" width=\"300\" height=\"300\" alt=\"\" class=\"wp-image-86 alignnone size-medium\"><\/td>\n<td style=\"width: 50%; text-align: center;\"><img loading=\"lazy\" decoding=\"async\" src=\"https:\/\/instaran.com\/wp-content\/uploads\/1-4-300x300.png\" width=\"300\" height=\"300\" alt=\"\" class=\"wp-image-85 alignnone size-medium\"><\/td>\n<\/tr>\n<tr>\n<td style=\"width: 50%; text-align: center;\">Automatismes<\/td>\n<td style=\"width: 50%; text-align: center;\">Comandaments a dist\u00e0ncia<\/td>\n<\/tr>\n<tr>\n<td style=\"width: 50%; text-align: center;\"><img loading=\"lazy\" decoding=\"async\" src=\"https:\/\/instaran.com\/wp-content\/uploads\/3-3-300x300.png\" width=\"300\" height=\"300\" alt=\"\" class=\"wp-image-87 alignnone size-medium\"><\/td>\n<td style=\"width: 50%; text-align: center;\"><img loading=\"lazy\" decoding=\"async\" src=\"https:\/\/instaran.com\/wp-content\/uploads\/4-3-300x300.png\" width=\"300\" height=\"300\" alt=\"\" class=\"wp-image-88 alignnone size-medium\"><\/td>\n<\/tr>\n<tr>\n<td style=\"width: 50%; text-align: center;\">Serralleria<\/td>\n<td style=\"width: 50%; text-align: center;\">Barreres autom\u00e0tiques<\/td>\n<\/tr>\n<\/tbody>\n<\/table>\n<p>&nbsp;<\/p>\n<p>[\/et_pb_text][\/et_pb_column][\/et_pb_row][\/et_pb_section]<\/p>\n","protected":false},"excerpt":{"rendered":"<p>Instal\u00b7lem, reparem i mantenim portes autom\u00e0tiques de garatge (comunit\u00e0ries, p\u00fabliques o privades) i portes de vidre autom\u00e0tiques. El nostre equip est\u00e0 en formaci\u00f3 cont\u00ednua per aplicar les \u00faltimes t\u00e8cniques i tecnologies. La satisfacci\u00f3 del client \u00e9s la nostra prioritat. Automatismes Comandaments a dist\u00e0ncia Serralleria Barreres autom\u00e0tiques &nbsp;<\/p>\n","protected":false},"author":1,"featured_media":0,"parent":0,"menu_order":0,"comment_status":"closed","ping_status":"closed","template":"","meta":{"_et_pb_use_builder":"on","_et_pb_old_content":"","_et_gb_content_width":"","footnotes":""},"class_list":["post-525","page","type-page","status-publish","hentry"],"_links":{"self":[{"href":"https:\/\/instaran.com\/ca\/wp-json\/wp\/v2\/pages\/525","targetHints":{"allow":["GET"]}}],"collection":[{"href":"https:\/\/instaran.com\/ca\/wp-json\/wp\/v2\/pages"}],"about":[{"href":"https:\/\/instaran.com\/ca\/wp-json\/wp\/v2\/types\/page"}],"author":[{"embeddable":true,"href":"https:\/\/instaran.com\/ca\/wp-json\/wp\/v2\/users\/1"}],"replies":[{"embeddable":true,"href":"https:\/\/instaran.com\/ca\/wp-json\/wp\/v2\/comments?post=525"}],"version-history":[{"count":2,"href":"https:\/\/instaran.com\/ca\/wp-json\/wp\/v2\/pages\/525\/revisions"}],"predecessor-version":[{"id":527,"href":"https:\/\/instaran.com\/ca\/wp-json\/wp\/v2\/pages\/525\/revisions\/527"}],"wp:attachment":[{"href":"https:\/\/instaran.com\/ca\/wp-json\/wp\/v2\/media?parent=525"}],"curies":[{"name":"wp","href":"https:\/\/api.w.org\/{rel}","templated":true}]}}