{"id":535,"date":"2025-08-19T13:42:26","date_gmt":"2025-08-19T11:42:26","guid":{"rendered":"https:\/\/instaran.com\/serveis\/"},"modified":"2025-10-24T10:29:08","modified_gmt":"2025-10-24T08:29:08","slug":"serveis","status":"publish","type":"page","link":"https:\/\/instaran.com\/ca\/serveis\/","title":{"rendered":"Serveis"},"content":{"rendered":"<p>[et_pb_section fb_built=&#8221;1&#8243; admin_label=&#8221;Header&#8221; _builder_version=&#8221;4.24.2&#8243; _module_preset=&#8221;default&#8221; collapsed=&#8221;on&#8221; global_colors_info=&#8221;{}&#8221;][et_pb_row _builder_version=&#8221;4.24.2&#8243; _module_preset=&#8221;default&#8221; width=&#8221;90%&#8221; max_width=&#8221;none&#8221; global_colors_info=&#8221;{}&#8221;][et_pb_column type=&#8221;4_4&#8243; _builder_version=&#8221;4.24.2&#8243; _module_preset=&#8221;default&#8221; global_colors_info=&#8221;{}&#8221;][et_pb_text _builder_version=&#8221;4.27.4&#8243; _module_preset=&#8221;7d323552-e5ee-4b1c-9932-e172daa8537a&#8221; header_font=&#8221;Encode Sans Condensed|500||on|||||&#8221; header_font_size=&#8221;7vw&#8221; global_colors_info=&#8221;{}&#8221;]<\/p>\n<h1>serveis<\/h1>\n<p>[\/et_pb_text][\/et_pb_column][\/et_pb_row][et_pb_row column_structure=&#8221;1_3,1_3,1_3&#8243; _builder_version=&#8221;4.24.2&#8243; _module_preset=&#8221;default&#8221; width=&#8221;90%&#8221; max_width=&#8221;none&#8221; global_colors_info=&#8221;{}&#8221;][et_pb_column type=&#8221;1_3&#8243; _builder_version=&#8221;4.24.2&#8243; _module_preset=&#8221;default&#8221; global_colors_info=&#8221;{}&#8221;][et_pb_text _builder_version=&#8221;4.27.4&#8243; _module_preset=&#8221;e5b97b16-cf1f-45f1-a379-24313450dd7c&#8221; global_colors_info=&#8221;{}&#8221;]<\/p>\n<p>A Instaran oferim un servei integral de manteniment i verificaci\u00f3 de portes autom\u00e0tiques, assegurant el seu correcte funcionament i el compliment de la normativa vigent.<\/p>\n<p>[\/et_pb_text][\/et_pb_column][et_pb_column type=&#8221;1_3&#8243; _builder_version=&#8221;4.24.2&#8243; _module_preset=&#8221;default&#8221; global_colors_info=&#8221;{}&#8221;][\/et_pb_column][et_pb_column type=&#8221;1_3&#8243; _builder_version=&#8221;4.24.2&#8243; _module_preset=&#8221;default&#8221; global_colors_info=&#8221;{}&#8221;][et_pb_image src=&#8221;https:\/\/instaran.com\/wp-content\/uploads\/logo_jpg-removebg-preview.png&#8221; title_text=&#8221;logo_jpg-removebg-preview&#8221; _builder_version=&#8221;4.27.4&#8243; _module_preset=&#8221;default&#8221; global_colors_info=&#8221;{}&#8221;][\/et_pb_image][\/et_pb_column][\/et_pb_row][et_pb_row column_structure=&#8221;1_4,1_4,1_4,1_4&#8243; use_custom_gutter=&#8221;on&#8221; gutter_width=&#8221;2&#8243; make_equal=&#8221;on&#8221; _builder_version=&#8221;4.24.2&#8243; _module_preset=&#8221;default&#8221; width=&#8221;90%&#8221; max_width=&#8221;2000px&#8221; global_colors_info=&#8221;{}&#8221;][et_pb_column type=&#8221;1_4&#8243; _builder_version=&#8221;4.24.2&#8243; _module_preset=&#8221;default&#8221; global_colors_info=&#8221;{}&#8221;][et_pb_image src=&#8221;https:\/\/instaran.com\/wp-content\/uploads\/garaje.png&#8221; title_text=&#8221;garatge&#8221; _builder_version=&#8221;4.27.4&#8243; _module_preset=&#8221;default&#8221; custom_margin=&#8221;20%||||false|false&#8221; scroll_scaling_enable=&#8221;on&#8221; scroll_scaling=&#8221;0|100|100|100|80%|100%|100&#8243; global_colors_info=&#8221;{}&#8221;][\/et_pb_image][\/et_pb_column][et_pb_column type=&#8221;1_4&#8243; _builder_version=&#8221;4.24.2&#8243; _module_preset=&#8221;default&#8221; global_colors_info=&#8221;{}&#8221;][et_pb_image src=&#8221;https:\/\/instaran.com\/wp-content\/uploads\/2-6.png&#8221; title_text=&#8221;2&#8243; _builder_version=&#8221;4.27.4&#8243; _module_preset=&#8221;default&#8221; custom_margin=&#8221;|-40%|||false|false&#8221; global_colors_info=&#8221;{}&#8221;][\/et_pb_image][\/et_pb_column][et_pb_column type=&#8221;1_4&#8243; _builder_version=&#8221;4.24.2&#8243; _module_preset=&#8221;default&#8221; global_colors_info=&#8221;{}&#8221;][et_pb_image src=&#8221;https:\/\/instaran.com\/wp-content\/uploads\/MANDO.png&#8221; title_text=&#8221;COMANDAMENT&#8221; _builder_version=&#8221;4.27.4&#8243; _module_preset=&#8221;default&#8221; custom_margin=&#8221;40%||||false|false&#8221; scroll_vertical_motion_enable=&#8221;on&#8221; scroll_vertical_motion=&#8221;0|50|50|100|1|0|-1&#8243; locked=&#8221;off&#8221; global_colors_info=&#8221;{}&#8221;][\/et_pb_image][\/et_pb_column][et_pb_column type=&#8221;1_4&#8243; _builder_version=&#8221;4.24.2&#8243; _module_preset=&#8221;default&#8221; global_colors_info=&#8221;{}&#8221;][et_pb_image src=&#8221;https:\/\/instaran.com\/wp-content\/uploads\/4-2-1.png&#8221; title_text=&#8221;4 (2)&#8221; _builder_version=&#8221;4.27.4&#8243; _module_preset=&#8221;default&#8221; custom_margin=&#8221;60%||||false|false&#8221; scroll_fade_enable=&#8221;on&#8221; scroll_fade=&#8221;0|100|100|100|40%|100|100&#8243; locked=&#8221;off&#8221; global_colors_info=&#8221;{}&#8221;][\/et_pb_image][\/et_pb_column][\/et_pb_row][\/et_pb_section][et_pb_section fb_built=&#8221;1&#8243; admin_label=&#8221;About&#8221; _builder_version=&#8221;4.24.2&#8243; _module_preset=&#8221;default&#8221; collapsed=&#8221;on&#8221; global_colors_info=&#8221;{}&#8221;][et_pb_row column_structure=&#8221;1_2,1_2&#8243; _builder_version=&#8221;4.24.2&#8243; _module_preset=&#8221;default&#8221; width=&#8221;90%&#8221; max_width=&#8221;2000px&#8221; custom_padding=&#8221;0px|||||&#8221; global_colors_info=&#8221;{}&#8221;][et_pb_column type=&#8221;1_2&#8243; _builder_version=&#8221;4.24.2&#8243; _module_preset=&#8221;default&#8221; global_colors_info=&#8221;{}&#8221;][et_pb_text _builder_version=&#8221;4.27.4&#8243; _module_preset=&#8221;7550b214-6f18-4902-8d62-9d14038cd9e3&#8243; header_2_font_size=&#8221;32px&#8221; global_colors_info=&#8221;{}&#8221;]<\/p>\n<h2 data-start=\"318\" data-end=\"401\"><strong data-start=\"321\" data-end=\"401\">Manteniment<\/strong><\/h2>\n<p>[\/et_pb_text][et_pb_text _builder_version=&#8221;4.27.4&#8243; _module_preset=&#8221;e5b97b16-cf1f-45f1-a379-24313450dd7c&#8221; locked=&#8221;off&#8221; global_colors_info=&#8221;{}&#8221;]<\/p>\n<ul data-start=\"152\" data-end=\"311\">\n<li data-start=\"152\" data-end=\"247\">\n<p data-start=\"154\" data-end=\"247\">Realitzem manteniments de portes, especialment dirigits a <strong data-start=\"218\" data-end=\"244\">comunitats de ve\u00efns<\/strong>.<\/p>\n<\/li>\n<li data-start=\"248\" data-end=\"311\">\n<p data-start=\"250\" data-end=\"311\">Revisions peri\u00f2diques per <strong data-start=\"277\" data-end=\"308\">evitar grans reparacions<\/strong>.<\/p>\n<\/li>\n<\/ul>\n<p>[\/et_pb_text][et_pb_text _builder_version=&#8221;4.27.4&#8243; _module_preset=&#8221;7550b214-6f18-4902-8d62-9d14038cd9e3&#8243; header_2_font_size=&#8221;32px&#8221; global_colors_info=&#8221;{}&#8221;]<\/p>\n<h2 data-start=\"318\" data-end=\"401\">Normativa i marcat CE<\/h2>\n<p>[\/et_pb_text][et_pb_image src=&#8221;https:\/\/instaran.com\/wp-content\/uploads\/bandera.png&#8221; title_text=&#8221;bandera&#8221; _builder_version=&#8221;4.27.4&#8243; _module_preset=&#8221;default&#8221; custom_margin=&#8221;||35px|||&#8221; custom_padding=&#8221;0px|644px|0px|||&#8221; global_colors_info=&#8221;{}&#8221;][\/et_pb_image][et_pb_text _builder_version=&#8221;4.27.4&#8243; _module_preset=&#8221;e5b97b16-cf1f-45f1-a379-24313450dd7c&#8221; locked=&#8221;off&#8221; global_colors_info=&#8221;{}&#8221;]<\/p>\n<ul>\n<li data-start=\"1289\" data-end=\"1439\">\n<p data-start=\"1291\" data-end=\"1439\">Verificaci\u00f3 de si la porta de la comunitat de ve\u00efns compleix tots els requisits marcats per la normativa de portes autom\u00e0tiques comunit\u00e0ries.<\/p>\n<\/li>\n<li data-start=\"1440\" data-end=\"1505\">\n<p data-start=\"1442\" data-end=\"1505\">Compliment de la normativa <strong data-start=\"1471\" data-end=\"1502\">UNE-EN 13241:2004 + A2:2017<\/strong>.<\/p>\n<\/li>\n<li data-start=\"1506\" data-end=\"1706\">\n<p data-start=\"1508\" data-end=\"1706\">Des de l&#8217;<strong data-start=\"1517\" data-end=\"1543\">1 de novembre de 2019<\/strong> \u00e9s obligatori complir aquesta norma per a totes les <strong data-start=\"1593\" data-end=\"1661\">portes industrials, comercials i de garatge, aix\u00ed com barreres<\/strong> instal\u00b7lades en \u00e0rees accessibles a persones.<\/p>\n<\/li>\n<\/ul>\n<p>[\/et_pb_text][\/et_pb_column][et_pb_column type=&#8221;1_2&#8243; _builder_version=&#8221;4.24.2&#8243; _module_preset=&#8221;default&#8221; global_colors_info=&#8221;{}&#8221;][et_pb_text _builder_version=&#8221;4.27.4&#8243; _module_preset=&#8221;7550b214-6f18-4902-8d62-9d14038cd9e3&#8243; header_2_font_size=&#8221;32px&#8221; custom_margin=&#8221;||-3px|||&#8221; custom_padding=&#8221;||55px|||&#8221; global_colors_info=&#8221;{}&#8221;]<\/p>\n<h2 data-start=\"318\" data-end=\"401\"><strong data-start=\"321\" data-end=\"401\">Manteniment preventiu obligatori per a portes industrials, comercials i comunit\u00e0ries<\/strong><\/h2>\n<p>[\/et_pb_text][et_pb_text _builder_version=&#8221;4.27.4&#8243; _module_preset=&#8221;e5b97b16-cf1f-45f1-a379-24313450dd7c&#8221; locked=&#8221;off&#8221; global_colors_info=&#8221;{}&#8221;]<\/p>\n<h2 data-start=\"318\" data-end=\"401\"><\/h2>\n<ul data-start=\"402\" data-end=\"1252\">\n<li data-start=\"402\" data-end=\"526\">\n<p data-start=\"404\" data-end=\"526\">Segons la normativa <strong data-start=\"423\" data-end=\"441\">UNE-85635:2012<\/strong> \u00e9s <strong data-start=\"445\" data-end=\"496\">obligatori realitzar un manteniment peri\u00f2dic<\/strong> de les portes autom\u00e0tiques.<\/p>\n<\/li>\n<li data-start=\"527\" data-end=\"635\">\n<p data-start=\"529\" data-end=\"635\">La periodicitat dependr\u00e0 del tipus de porta, la freq\u00fc\u00e8ncia d&#8217;\u00fas i les recomanacions del fabricant.<\/p>\n<\/li>\n<li data-start=\"636\" data-end=\"776\">\n<p data-start=\"638\" data-end=\"776\">Aquest manteniment ha de quedar registrat en el <strong data-start=\"686\" data-end=\"712\">llibre de manteniment<\/strong>, a disposici\u00f3 dels propietaris i autoritats competents.<\/p>\n<\/li>\n<li data-start=\"777\" data-end=\"951\">\n<p data-start=\"779\" data-end=\"951\">Les <strong data-start=\"783\" data-end=\"828\">portes de garatge estan obligades per llei<\/strong> a tenir manteniment realitzat per <strong data-start=\"865\" data-end=\"895\">professionals qualificats<\/strong>, segons el <strong data-start=\"906\" data-end=\"948\">Codi T\u00e8cnic de l&#8217;Edificaci\u00f3 (CTE)<\/strong>.<\/p>\n<\/li>\n<li data-start=\"952\" data-end=\"1252\">\n<p data-start=\"954\" data-end=\"1252\">Les portes, portons i barreres situats en zones accessibles i destinats al pas de mercaderies i vehicles han de disposar de <strong data-start=\"1081\" data-end=\"1095\">marcat CE<\/strong> conforme a la norma <strong data-start=\"1116\" data-end=\"1149\">UNE-EN 13241-1:2004 + A2:2017<\/strong>, i la seva instal\u00b7laci\u00f3, \u00fas i manteniment s&#8217;han de fer segons la norma <strong data-start=\"1218\" data-end=\"1249\">UNE-EN 12635:2002 + A1:2009<\/strong>.<\/p>\n<\/li>\n<\/ul>\n<p>[\/et_pb_text][\/et_pb_column][\/et_pb_row][\/et_pb_section][et_pb_section fb_built=&#8221;1&#8243; admin_label=&#8221;Featured Work&#8221; _builder_version=&#8221;4.24.2&#8243; _module_preset=&#8221;default&#8221; background_color=&#8221;#000000&#8243; collapsed=&#8221;on&#8221; global_colors_info=&#8221;{}&#8221;][et_pb_row column_structure=&#8221;1_3,1_3,1_3&#8243; use_custom_gutter=&#8221;on&#8221; gutter_width=&#8221;2&#8243; make_equal=&#8221;on&#8221; _builder_version=&#8221;4.24.2&#8243; _module_preset=&#8221;default&#8221; width=&#8221;90%&#8221; max_width=&#8221;2000px&#8221; global_colors_info=&#8221;{}&#8221;][et_pb_column type=&#8221;1_3&#8243; _builder_version=&#8221;4.24.2&#8243; _module_preset=&#8221;default&#8221; global_colors_info=&#8221;{}&#8221;][et_pb_image src=&#8221;https:\/\/instaran.com\/wp-content\/uploads\/2-7.png&#8221; title_text=&#8221;2&#8243; align=&#8221;right&#8221; _builder_version=&#8221;4.27.4&#8243; _module_preset=&#8221;default&#8221; position_origin_a=&#8221;center_right&#8221; position_origin_a_tablet=&#8221;center_right&#8221; position_origin_a_phone=&#8221;center_right&#8221; position_origin_a_last_edited=&#8221;off|desktop&#8221; position_origin_f_last_edited=&#8221;off|desktop&#8221; position_origin_r_last_edited=&#8221;off|desktop&#8221; width=&#8221;60%&#8221; custom_margin=&#8221;30%||||false|false&#8221; scroll_horizontal_motion_enable=&#8221;on&#8221; scroll_horizontal_motion=&#8221;0|50|50|100|1|0|-1&#8243; scroll_fade_enable=&#8221;on&#8221; positioning_tablet=&#8221;none&#8221; positioning_phone=&#8221;none&#8221; positioning_last_edited=&#8221;off|desktop&#8221; global_colors_info=&#8221;{}&#8221;][\/et_pb_image][\/et_pb_column][et_pb_column type=&#8221;1_3&#8243; _builder_version=&#8221;4.24.2&#8243; _module_preset=&#8221;default&#8221; z_index=&#8221;10&#8243; global_colors_info=&#8221;{}&#8221;][et_pb_image src=&#8221;https:\/\/instaran.com\/wp-content\/uploads\/1-2-2.png&#8221; title_text=&#8221;1 (2)&#8221; align_tablet=&#8221;right&#8221; align_phone=&#8221;right&#8221; align_last_edited=&#8221;on|tablet&#8221; _builder_version=&#8221;4.27.4&#8243; _module_preset=&#8221;default&#8221; width_tablet=&#8221;60%&#8221; width_phone=&#8221;60%&#8221; width_last_edited=&#8221;on|tablet&#8221; scroll_vertical_motion_enable=&#8221;on&#8221; scroll_vertical_motion=&#8221;0|50|50|100|1|0|-1&#8243; global_colors_info=&#8221;{}&#8221;][\/et_pb_image][\/et_pb_column][et_pb_column type=&#8221;1_3&#8243; _builder_version=&#8221;4.24.2&#8243; _module_preset=&#8221;default&#8221; global_colors_info=&#8221;{}&#8221;][et_pb_image src=&#8221;https:\/\/instaran.com\/wp-content\/uploads\/3-1-2.png&#8221; title_text=&#8221;3 (1)&#8221; _builder_version=&#8221;4.27.4&#8243; _module_preset=&#8221;default&#8221; position_origin_a=&#8221;center_left&#8221; position_origin_a_tablet=&#8221;center_left&#8221; position_origin_a_phone=&#8221;center_left&#8221; position_origin_a_last_edited=&#8221;off|desktop&#8221; position_origin_f_last_edited=&#8221;off|desktop&#8221; position_origin_r_last_edited=&#8221;off|desktop&#8221; width=&#8221;60%&#8221; custom_margin=&#8221;50%||||false|false&#8221; scroll_horizontal_motion_enable=&#8221;on&#8221; scroll_horizontal_motion=&#8221;0|50|50|100|-1|0|1&#8243; scroll_fade_enable=&#8221;on&#8221; positioning_tablet=&#8221;none&#8221; positioning_phone=&#8221;none&#8221; positioning_last_edited=&#8221;off|desktop&#8221; locked=&#8221;off&#8221; global_colors_info=&#8221;{}&#8221;][\/et_pb_image][\/et_pb_column][\/et_pb_row][et_pb_row column_structure=&#8221;1_3,1_3,1_3&#8243; _builder_version=&#8221;4.24.2&#8243; _module_preset=&#8221;default&#8221; width=&#8221;90%&#8221; max_width=&#8221;2000px&#8221; global_colors_info=&#8221;{}&#8221;][et_pb_column type=&#8221;1_3&#8243; _builder_version=&#8221;4.24.2&#8243; _module_preset=&#8221;default&#8221; global_colors_info=&#8221;{}&#8221;][et_pb_text _builder_version=&#8221;4.27.4&#8243; _module_preset=&#8221;4ff0237e-cb45-49b8-8670-0df8cec9ebec&#8221; header_3_text_color=&#8221;#FFFFFF&#8221; global_colors_info=&#8221;{}&#8221;]<\/p>\n<h3>tens dubtes?<\/h3>\n<p>[\/et_pb_text][\/et_pb_column][et_pb_column type=&#8221;1_3&#8243; _builder_version=&#8221;4.24.2&#8243; _module_preset=&#8221;default&#8221; global_colors_info=&#8221;{}&#8221;][\/et_pb_column][et_pb_column type=&#8221;1_3&#8243; _builder_version=&#8221;4.24.2&#8243; _module_preset=&#8221;default&#8221; global_colors_info=&#8221;{}&#8221;][et_pb_button button_url=&#8221;https:\/\/instaran.com\/ca\/contacte\/&#8221; button_text=&#8221;Contacta&apos;ns&#8221; button_alignment=&#8221;right&#8221; button_alignment_tablet=&#8221;left&#8221; button_alignment_phone=&#8221;left&#8221; button_alignment_last_edited=&#8221;on|tablet&#8221; _builder_version=&#8221;4.27.4&#8243; _module_preset=&#8221;296533d0-666d-4f28-a76c-5c634215330c&#8221; global_colors_info=&#8221;{}&#8221;][\/et_pb_button][\/et_pb_column][\/et_pb_row][\/et_pb_section][et_pb_section fb_built=&#8221;1&#8243; admin_label=&#8221;Full Width Video&#8221; _builder_version=&#8221;4.24.2&#8243; _module_preset=&#8221;default&#8221; background_color=&#8221;#000000&#8243; custom_padding=&#8221;0px||0px||true|false&#8221; collapsed=&#8221;on&#8221; global_colors_info=&#8221;{}&#8221;][\/et_pb_section][et_pb_section fb_built=&#8221;1&#8243; admin_label=&#8221;Full Width Image&#8221; _builder_version=&#8221;4.24.2&#8243; _module_preset=&#8221;default&#8221; custom_padding=&#8221;0px||0px||true|false&#8221; hover_enabled=&#8221;0&#8243; collapsed=&#8221;on&#8221; global_colors_info=&#8221;{}&#8221; sticky_enabled=&#8221;0&#8243;][et_pb_row _builder_version=&#8221;4.24.2&#8243; _module_preset=&#8221;default&#8221; width=&#8221;100%&#8221; max_width=&#8221;none&#8221; custom_padding=&#8221;0px||0px||true|false&#8221; global_colors_info=&#8221;{}&#8221;][et_pb_column type=&#8221;4_4&#8243; _builder_version=&#8221;4.24.2&#8243; _module_preset=&#8221;default&#8221; hover_enabled=&#8221;0&#8243; global_colors_info=&#8221;{}&#8221; sticky_enabled=&#8221;0&#8243;][et_pb_image src=&#8221;https:\/\/instaran.com\/wp-content\/uploads\/3823954_2748-scaled.jpg&#8221; title_text=&#8221;Business warehouse closed gates realistic vector&#8221; force_fullwidth=&#8221;on&#8221; _builder_version=&#8221;4.27.4&#8243; _module_preset=&#8221;default&#8221; hover_enabled=&#8221;0&#8243; global_colors_info=&#8221;{}&#8221; sticky_enabled=&#8221;0&#8243;][\/et_pb_image][\/et_pb_column][\/et_pb_row][\/et_pb_section]<\/p>\n","protected":false},"excerpt":{"rendered":"<p>serveisA Instaran oferim un servei integral de manteniment i verificaci\u00f3 de portes autom\u00e0tiques, assegurant el seu correcte funcionament i el compliment de la normativa vigent.Manteniment Realitzem manteniments de portes, especialment dirigits a comunitats de ve\u00efns. Revisions peri\u00f2diques per evitar grans reparacions. Normativa i marcat CE Verificaci\u00f3 de si la porta de la comunitat de ve\u00efns [&hellip;]<\/p>\n","protected":false},"author":1,"featured_media":0,"parent":0,"menu_order":0,"comment_status":"closed","ping_status":"closed","template":"","meta":{"_et_pb_use_builder":"on","_et_pb_old_content":"","_et_gb_content_width":"","footnotes":""},"class_list":["post-535","page","type-page","status-publish","hentry"],"_links":{"self":[{"href":"https:\/\/instaran.com\/ca\/wp-json\/wp\/v2\/pages\/535","targetHints":{"allow":["GET"]}}],"collection":[{"href":"https:\/\/instaran.com\/ca\/wp-json\/wp\/v2\/pages"}],"about":[{"href":"https:\/\/instaran.com\/ca\/wp-json\/wp\/v2\/types\/page"}],"author":[{"embeddable":true,"href":"https:\/\/instaran.com\/ca\/wp-json\/wp\/v2\/users\/1"}],"replies":[{"embeddable":true,"href":"https:\/\/instaran.com\/ca\/wp-json\/wp\/v2\/comments?post=535"}],"version-history":[{"count":7,"href":"https:\/\/instaran.com\/ca\/wp-json\/wp\/v2\/pages\/535\/revisions"}],"predecessor-version":[{"id":583,"href":"https:\/\/instaran.com\/ca\/wp-json\/wp\/v2\/pages\/535\/revisions\/583"}],"wp:attachment":[{"href":"https:\/\/instaran.com\/ca\/wp-json\/wp\/v2\/media?parent=535"}],"curies":[{"name":"wp","href":"https:\/\/api.w.org\/{rel}","templated":true}]}}