{"id":604,"date":"2025-10-16T13:19:27","date_gmt":"2025-10-16T11:19:27","guid":{"rendered":"https:\/\/instaran.com\/politica-de-cookies\/"},"modified":"2025-10-31T10:04:44","modified_gmt":"2025-10-31T09:04:44","slug":"politica-de-cookies","status":"publish","type":"page","link":"https:\/\/instaran.com\/ca\/politica-de-cookies\/","title":{"rendered":"Pol\u00edtica de cookies"},"content":{"rendered":"<p>[et_pb_section fb_built=&#8221;1&#8243; _builder_version=&#8221;4.27.4&#8243; _module_preset=&#8221;default&#8221; global_colors_info=&#8221;{}&#8221;][et_pb_row _builder_version=&#8221;4.27.4&#8243; _module_preset=&#8221;default&#8221; global_colors_info=&#8221;{}&#8221;][et_pb_column type=&#8221;4_4&#8243; _builder_version=&#8221;4.27.4&#8243; _module_preset=&#8221;default&#8221; global_colors_info=&#8221;{}&#8221;][et_pb_text _builder_version=&#8221;4.27.4&#8243; _module_preset=&#8221;default&#8221; global_colors_info=&#8221;{}&#8221;]<\/p>\n<h1>Pol\u00edtica de cookies<\/h1>\n<p>[\/et_pb_text][et_pb_text _builder_version=&#8221;4.27.4&#8243; _module_preset=&#8221;default&#8221; global_colors_info=&#8221;{}&#8221;]<\/p>\n<p>En compliment de la Llei 34\/2002 de Serveis de la Societat de la Informaci\u00f3 i del Comer\u00e7 Electr\u00f2nic (LSSICE), s&#8217;informa dels seg\u00fcents aspectes legals del Web:<\/p>\n<p>&nbsp;<\/p>\n<table width=\"567\">\n<tbody>\n<tr>\n<td width=\"133\">\n<p>Web:<\/p>\n<\/td>\n<td width=\"433\">\n<p><a href=\"https:\/\/instaran.com\/ca\/\">https:\/\/instaran.com\/<\/a> <\/p>\n<\/td>\n<\/tr>\n<tr>\n<td width=\"133\">\n<p>Titular:<\/p>\n<\/td>\n<td width=\"433\">\n<p>PORTES I AUTOMATISMES ARAN, S.L.<\/p>\n<\/td>\n<\/tr>\n<tr>\n<td width=\"133\">\n<p>Domicili:<\/p>\n<\/td>\n<td width=\"433\">\n<p>Avinguda Maladeta, 9, Baixos 25530-VIELHA<\/p>\n<\/td>\n<\/tr>\n<tr>\n<td width=\"133\">\n<p>C.I.F.:<\/p>\n<\/td>\n<td width=\"433\">\n<p>B10561058<\/p>\n<\/td>\n<\/tr>\n<tr>\n<td width=\"133\">\n<p>Tel\u00e8fon:<\/p>\n<\/td>\n<td width=\"433\">\n<p>&nbsp;<\/p>\n<\/td>\n<\/tr>\n<tr>\n<td width=\"133\">\n<p>Correu electr\u00f2nic:<\/p>\n<\/td>\n<td width=\"433\">\n<p><a href=\"mailto:instaran@instaran.com\">instaran@instaran.com<\/a> <\/p>\n<\/td>\n<\/tr>\n<tr>\n<td width=\"133\">\n<p>Dades registrals:<\/p>\n<\/td>\n<td width=\"433\">\n<p>INTRODUIR LES DADES REGISTRALS<\/p>\n<\/td>\n<\/tr>\n<\/tbody>\n<\/table>\n<p>&nbsp;<\/p>\n<p>PORTES I AUTOMATISMES ARAN, S.L. pot recopilar informaci\u00f3 sobre els h\u00e0bits de cerca dels usuaris del lloc web mitjan\u00e7ant galetes o arxius de registre. No s&#8217;utilitzaran les galetes per recollir informaci\u00f3 de car\u00e0cter personal. Nom\u00e9s s&#8217;instal\u00b7laran si l&#8217;Usuari presta el seu consentiment a trav\u00e9s del b\u00e0ner de galetes, entenent que consent el seu \u00fas i instal\u00b7laci\u00f3. A continuaci\u00f3, proporcionem informaci\u00f3 detallada sobre: qu\u00e8 s\u00f3n les &#8220;galetes&#8221;, quina tipologia utilitza aquest lloc web, com poden desactivar-se al navegador i com bloquejar espec\u00edficament la instal\u00b7laci\u00f3 de Galetes de tercers.   <\/p>\n<p>&nbsp;<\/p>\n<p><strong>1) QU\u00c8 S\u00d3N LES GALETES?<\/strong><\/p>\n<p>Les galetes s\u00f3n petits arxius de text generats per les p\u00e0gines web que l&#8217;Usuari visita, les quals contenen les dades de sessi\u00f3 que poden ser d&#8217;utilitat m\u00e9s endavant en la p\u00e0gina web. Les dades permeten que la p\u00e0gina web pugui mantenir la seva informaci\u00f3 entre les p\u00e0gines, i tamb\u00e9 per analitzar la manera d&#8217;interactuar amb el lloc. <\/p>\n<p>Les galetes s\u00f3n segures ja que nom\u00e9s poden emmagatzemar la informaci\u00f3 que es va posar en el seu lloc pel navegador, la informaci\u00f3 que l&#8217;Usuari hagu\u00e9s introdu\u00eft en el navegador o la que s&#8217;inclou en la sol\u00b7licitud de p\u00e0gina. No poden executar codi i no es poden utilitzar per accedir a l&#8217;equip de l&#8217;Usuari. <\/p>\n<p>Les galetes s\u00f3n essencials per al funcionament d&#8217;Internet, aportant innombrables avantatges en la prestaci\u00f3 de serveis interactius, facilitant la navegaci\u00f3 i usabilitat de les p\u00e0gines web. Les galetes no poden danyar els equips i que estiguin activades ajuda a identificar i resoldre els errors. <\/p>\n<p>La informaci\u00f3 recaptada a trav\u00e9s de les galetes pot incloure la data i hora de visites al Lloc web, les p\u00e0gines visionades, el temps que ha estat en el Lloc web i els llocs visitats just abans i despr\u00e9s d&#8217;aquest. No obstant aix\u00f2, cap galeta permet que aquesta mateixa pugui contactar-se amb el n\u00famero de tel\u00e8fon de l&#8217;Usuari o amb qualsevol altre mitj\u00e0 de contacte personal. Cap galeta pot extreure informaci\u00f3 del disc dur de l&#8217;Usuari o robar informaci\u00f3 personal. L&#8217;\u00fanica manera que la informaci\u00f3 privada de l&#8217;Usuari formi part de l&#8217;arxiu Galeta \u00e9s que l&#8217;usuari doni personalment aquesta informaci\u00f3 al servidor.   <\/p>\n<p>Les galetes que permeten identificar a una persona es consideren dades personals. Per tant, a les mateixes els ser\u00e0 aplicable la Pol\u00edtica de Privacitat anteriorment descrita. En aquest sentit, per a la utilitzaci\u00f3 de les mateixes ser\u00e0 necessari el consentiment de l&#8217;Usuari. Aquest consentiment ser\u00e0 comunicat, sobre la base d&#8217;una elecci\u00f3 aut\u00e8ntica, ofert mitjan\u00e7ant una decisi\u00f3 afirmativa i positiva, abans del tractament inicial, amovible i documentat.   <\/p>\n<p>&nbsp;<\/p>\n<p><strong>2) QU\u00c8 S\u00d3N ELS SCRIPTS?<\/strong><\/p>\n<p>Un script \u00e9s un fragment de codi de programa que s&#8217;utilitza per fer que el nostre web funcioni correctament i de manera interactiva. Aquest codi s&#8217;executa al nostre servidor o al dispositiu. <\/p>\n<p>&nbsp;<\/p>\n<p><strong>3) TIPUS DE GALETES<\/strong><\/p>\n<p>A continuaci\u00f3, proporcionem m\u00e9s informaci\u00f3 perqu\u00e8 s&#8217;entenguin millor els diferents tipus de galetes que poden ser utilitzats:<\/p>\n<p><strong>Segons titularitat<\/strong><\/p>\n<p>Galetes Pr\u00f2pies: s\u00f3n aquelles que s&#8217;envien a l&#8217;equip terminal de l&#8217;usuari des d&#8217;un equip o domini gestionat pel propi editor i des del qual es presta el servei sol\u00b7licitat per l&#8217;usuari.<\/p>\n<p>Galetes de tercers: s\u00f3n aquelles que s&#8217;envien a l&#8217;equip terminal de l&#8217;usuari des d&#8217;un equip o domini que no \u00e9s gestionat per l&#8217;editor, sin\u00f3 per una altra entitat que tracta les dades obtingudes trav\u00e9s de les galetes.<\/p>\n<p><strong>Segons la seva finalitat<\/strong><\/p>\n<p>Galetes t\u00e8cniques (necess\u00e0ries): Les galetes t\u00e8cniques s\u00f3n aquelles imprescindibles i estrictament necess\u00e0ries per al correcte funcionament d&#8217;un portal web i la utilitzaci\u00f3 de les diferents opcions i serveis que ofereix.<\/p>\n<p>Per exemple, les que serveixen per al manteniment de la sessi\u00f3, la gesti\u00f3 del temps de resposta, rendiment, etc.<\/p>\n<p>Galetes de prefer\u00e8ncies o personalitzaci\u00f3: s\u00f3n aquelles que permeten recordar informaci\u00f3 perqu\u00e8 l&#8217;usuari accedeixi al servei amb determinades caracter\u00edstiques que poden diferenciar la seva experi\u00e8ncia de la d&#8217;altres usuaris, com, per exemple, l&#8217;idioma, el nombre de resultats a mostrar quan l&#8217;usuari realitza una cerca, l&#8217;aspecte o contingut del servei en funci\u00f3 del tipus de navegador a trav\u00e9s del qual l&#8217;usuari accedeix al servei o de la regi\u00f3 des de la qual accedeix al servei, etc.<\/p>\n<p>Galetes anal\u00edtiques: s\u00f3n aquelles que permeten al responsable de les mateixes el seguiment i an\u00e0lisi del comportament dels usuaris dels llocs web als quals estan vinculades, inclosa la quantificaci\u00f3 dels impactes dels anuncis. La informaci\u00f3 recollida mitjan\u00e7ant aquesta mena de galetes s&#8217;utilitza en el mesurament de l&#8217;activitat dels llocs web, aplicaci\u00f3 o plataforma, amb la finalitat d&#8217;introduir millores en funci\u00f3 de l&#8217;an\u00e0lisi de les dades d&#8217;\u00fas que fan els usuaris del servei. <\/p>\n<p>Galetes de publicitat comportamental: s\u00f3n aquelles que emmagatzemen informaci\u00f3 del comportament dels usuaris obtinguda a trav\u00e9s de l&#8217;observaci\u00f3 continuada dels seus h\u00e0bits de navegaci\u00f3, la qual cosa permet desenvolupar un perfil espec\u00edfic per a mostrar publicitat en funci\u00f3 d&#8217;aquest.<\/p>\n<p><strong>Segons termini<\/strong><\/p>\n<p>Galetes de sessi\u00f3: s\u00f3n aquelles dissenyades per a recaptar i emmagatzemar dades mentre l&#8217;usuari accedeix a una p\u00e0gina web. Se solen emprar per a emmagatzemar informaci\u00f3 que nom\u00e9s interessa conservar per a la prestaci\u00f3 del servei sol\u00b7licitat per l&#8217;usuari en una sola ocasi\u00f3 (per exemple, una llista de productes adquirits) i desapareixen en acabar la sessi\u00f3 <\/p>\n<p>Galetes persistents: s\u00f3n aquelles en les quals les dades segueixen emmagatzemats en el terminal i poden ser accedits i tractats durant un per\u00edode definit pel responsable de la galeta, i que pot anar d&#8217;uns minuts a diversos anys.<\/p>\n<p><strong>Galetes pr\u00f2pies<\/strong><\/p>\n<p>S\u00f3n aquelles galetes que s\u00f3n enviades a l&#8217;ordinador o dispositiu de l&#8217;Usuari i gestionades exclusivament per PORTES I AUTOMATISMES ARAN, S.L. per al millor funcionament del Lloc web. La informaci\u00f3 que es recapta s&#8217;empra per a millorar la qualitat del Lloc web i el seu Contingut i la seva experi\u00e8ncia com a Usuari. Aquestes galetes permeten recon\u00e8ixer a l&#8217;Usuari com a visitant recurrent del Lloc web i adaptar el contingut per a oferir-li continguts que s&#8217;ajustin a les seves prefer\u00e8ncies.  <\/p>\n<p>Nom de la galeta | Breu descripci\u00f3 | Anal\u00edtica | Domini | Durada<\/p>\n<p>_ga | Galeta de Google Analytics que registra un identificador \u00fanic per generar dades estad\u00edstiques sobre com el visitant usa el lloc web. | S\u00ed | .instaran.com | 2 anys<\/p>\n<p>&nbsp;<\/p>\n<p>_ga_H0ZVTLPCE8 | Galeta de Google Analytics utilitzada per mantenir l&#8217;estat de la sessi\u00f3 i mesurar les interaccions al lloc. | S\u00ed | .instaran.com | 2 anys<\/p>\n<p>&nbsp;<\/p>\n<p>cmplz_banner-status | Desa si l&#8217;usuari ha tancat o interactuat amb el b\u00e0ner de galetes de Complianz. | No | instaran.com | 1 any <\/p>\n<p>&nbsp;<\/p>\n<p>cmplz_consented_services | Registra quins serveis ha acceptat l&#8217;usuari en la configuraci\u00f3 de consentiment de galetes. | No | instaran.com | 1 any <\/p>\n<p>&nbsp;<\/p>\n<p>cmplz_functional | Indica si l&#8217;usuari ha perm\u00e8s l&#8217;\u00fas de galetes funcionals. | No | instaran.com | 1 any <\/p>\n<p>&nbsp;<\/p>\n<p>cmplz_marketing | Indica si l&#8217;usuari ha perm\u00e8s l&#8217;\u00fas de galetes de m\u00e0rqueting. | No | instaran.com | 1 any <\/p>\n<p>&nbsp;<\/p>\n<p>cmplz_policy_id | Desa l&#8217;ID de la versi\u00f3 de la pol\u00edtica de galetes que l&#8217;usuari ha acceptat. | No | instaran.com | 1 any <\/p>\n<p>&nbsp;<\/p>\n<p>cmplz_preferences | Indica si l&#8217;usuari ha perm\u00e8s l&#8217;\u00fas de galetes de prefer\u00e8ncies. | No | instaran.com | 1 any <\/p>\n<p>&nbsp;<\/p>\n<p>cmplz_statistics | Indica si l&#8217;usuari ha perm\u00e8s l&#8217;\u00fas de galetes estad\u00edstiques. | No | instaran.com | 1 any <\/p>\n<p>&nbsp;<\/p>\n<p>wp-wpml_current_language | Determina l&#8217;idioma actual del lloc seleccionat per l&#8217;usuari. | No | instaran.com | Sessi\u00f3  <\/p>\n<p><strong>Galetes de tercers<\/strong><\/p>\n<p>S\u00f3n cookies utilitzades i gestionades per entitats externes que proporcionen serveis sol\u00b7licitats per aquest mateix per a millorar el Lloc web i l&#8217;experi\u00e8ncia de l&#8217;usuari en navegar pel Lloc web. Els principals objectius per als quals s&#8217;utilitzen cookies de tercers s\u00f3n l&#8217;obtenci\u00f3 d&#8217;estad\u00edstiques d&#8217;accessos i l&#8217;an\u00e0lisi de la informaci\u00f3 de la navegaci\u00f3, \u00e9s a dir, com interactua l&#8217;Usuari amb el Lloc web. <\/p>\n<p>La informaci\u00f3 que s&#8217;obt\u00e9 es refereix, per exemple, al nombre de p\u00e0gines visitades, l&#8217;idioma, el lloc de l&#8217;adre\u00e7a IP des de la qual accedeix l&#8217;Usuari, el nombre d&#8217;Usuaris que hi accedeixen, la freq\u00fc\u00e8ncia i reincid\u00e8ncia de les visites, el temps de visita, el navegador que utilitzen, l&#8217;operador o tipus de dispositiu des del qual es realitza la visita. Aquesta informaci\u00f3 s&#8217;utilitza per a millorar el Lloc web i detectar noves necessitats per a oferir als Usuaris un Contingut i\/o servei d&#8217;\u00f2ptima qualitat. En tot cas, la informaci\u00f3 es recopila de manera an\u00f2nima i s&#8217;elaboren informes de tend\u00e8ncies del Lloc web sense identificar usuaris individuals.  <\/p>\n<p>Pot obtenir m\u00e9s informaci\u00f3 sobre les cookies, la informaci\u00f3 sobre la privacitat, o consultar la descripci\u00f3 del tipus de cookies que s&#8217;utilitza, les seves principals caracter\u00edstiques, per\u00edode de caducitat, etc. en el(s) seg\u00fcent(s) enlla\u00e7(os):<\/p>\n<p>Nom de la cookie | Breu descripci\u00f3 | Anal\u00edtica | Domini | Durada<\/p>\n<p>__Secure-3PAPISID | Utilitzada per Google per mostrar anuncis personalitzats en llocs de tercers basats en interessos i dades de l&#8217;usuari. | No | .google.com | 2 anys<\/p>\n<p>&nbsp;<\/p>\n<p>__Secure-3PSID | Permet crear un perfil d&#8217;interessos del visitant per mostrar anuncis personalitzats. | No | .google.com | 2 anys<\/p>\n<p>&nbsp;<\/p>\n<p>__Secure-3PSIDCC | Garanteix la seguretat dels usuaris en evitar l&#8217;\u00fas fraudulent de dades d&#8217;inici de sessi\u00f3. | No | .google.com | 1 any<\/p>\n<p>&nbsp;<\/p>\n<p>__Secure-3PSIDTS | S&#8217;utilitza per rastrejar la sessi\u00f3 de l&#8217;usuari amb finalitats de seguretat i anuncis personalitzats. | No | .google.com | 1 any<\/p>\n<p>&nbsp;<\/p>\n<p>__Secure-ENID | Utilitzada per Google per prevenir fraus, emmagatzemar prefer\u00e8ncies de l&#8217;usuari i mostrar anuncis rellevants. | No | .google.com | 13 mesos<\/p>\n<p>&nbsp;<\/p>\n<p>AEC | Garanteix que les sol\u00b7licituds dins d&#8217;una sessi\u00f3 de navegaci\u00f3 siguin realitzades per l&#8217;usuari i no per altres llocs. | No | .google.com | 6 mesos<\/p>\n<p>&nbsp;<\/p>\n<p>APISID | Permet crear un perfil dels interessos de l&#8217;usuari per mostrar anuncis personalitzats. | No | .google.com | 2 anys<\/p>\n<p>&nbsp;<\/p>\n<p>DV | Cookie de prefer\u00e8ncia utilitzada per Google per personalitzar anuncis segons les accions pr\u00e8vies de l&#8217;usuari. | S\u00ed | www.google.com <\/p>\n<p>&nbsp;<\/p>\n<p>| 24 hores<\/p>\n<p>HSID | Cont\u00e9 registres xifrats i signats de l&#8217;ID del compte de Google de l&#8217;usuari per a autenticaci\u00f3 i seguretat. | No | .google.com | 2 anys<\/p>\n<p>&nbsp;<\/p>\n<p>NID | Emmagatzema prefer\u00e8ncies i altra informaci\u00f3 de l&#8217;usuari, com l&#8217;idioma o el nombre de resultats de cerca mostrats per p\u00e0gina. | S\u00ed | .google.com | 6 mesos<\/p>\n<p>&nbsp;<\/p>\n<p>SAPISID | Permet a Google recopilar informaci\u00f3 sobre l&#8217;\u00fas del lloc web per part de l&#8217;usuari per mostrar anuncis personalitzats. | No | .google.com | 2 anys<\/p>\n<p>&nbsp;<\/p>\n<p>SEARCH_SAMESITE | Ajuda a mantenir la seguretat de les cookies evitant fugues d&#8217;informaci\u00f3 entre llocs. | No | .google.com | 6 mesos<\/p>\n<p>&nbsp;<\/p>\n<p>SID | Cont\u00e9 registres xifrats i signats de l&#8217;ID de compte de Google de l&#8217;usuari i l&#8217;hora de l&#8217;\u00faltim inici de sessi\u00f3, per autenticar usuaris i protegir dades. | No | .google.com | 2 anys<\/p>\n<p>&nbsp;<\/p>\n<p>SIDCC | Protegeix les dades dels usuaris davant d&#8217;accessos no autoritzats i garanteix la integritat de les sessions. | No | .google.com | 1 any<\/p>\n<p>&nbsp;<\/p>\n<p>SSID | Emmagatzema informaci\u00f3 sobre la sessi\u00f3 de l&#8217;usuari i ajuda a personalitzar l&#8217;experi\u00e8ncia en serveis de Google. | No | .google.com | 2 anys<\/p>\n<p>&nbsp;<\/p>\n<p>&nbsp;<\/p>\n<p>&nbsp;<\/p>\n<p>La(s) entitat(s) encarregada(s) del subministrament de cookies podr\u00e0(n) cedir aquesta informaci\u00f3 a tercers, sempre que l&#8217;exigeixi la llei o sigui un tercer el que processi aquesta informaci\u00f3 per a aquestes entitats.<\/p>\n<p>PORTES I AUTOMATISMES ARAN, S.L. no incorpora cap enlla\u00e7 ni plugin que us redirigeixi a p\u00e0gines web de xarxes socials ni hi comparteixi contingut.<\/p>\n<p>&nbsp;<\/p>\n<p><strong>4) RESPONSABLE DEL TRACTAMENT DE LES COOKIES<\/strong><\/p>\n<p>El titular de la web i responsable del tractament de les cookies aqu\u00ed utilitzades, aix\u00ed com les seves dades de contacte, s\u00f3n accessibles a l&#8217;Av\u00eds Legal d&#8217;aquesta p\u00e0gina. Aix\u00ed mateix, poden existir cookies de tercers diferents del titular d&#8217;aquesta web, com s&#8217;explica posteriorment. <\/p>\n<p>&nbsp;<\/p>\n<p><strong>5) LEGITIMACI\u00d3 PER A L&#8217;\u00daS DE COOKIES<\/strong><\/p>\n<p>En el cas de les cookies t\u00e8cniques, \u00e9s a dir, aquelles que resulten imprescindibles per a navegar per aquest web i rebre el servei ofert a trav\u00e9s seu, la base legal del seu \u00fas \u00e9s l&#8217;acord a trav\u00e9s del qual vost\u00e8 decideix utilitzar aquesta p\u00e0gina web i utilitzar els seus serveis.<\/p>\n<p>La base legal de l&#8217;\u00fas de la resta de cookies \u00e9s el consentiment de l&#8217;usuari, que se li sol\u00b7licita en el moment d&#8217;accedir a aquest web, podent-lo revocar en qualsevol moment. La retirada d&#8217;aquest consentiment no afectar\u00e0 la possibilitat de navegar per aquest web i utilitzar els seus serveis, per\u00f2 els tractaments de dades efectuats amb anterioritat no perdran la seva licitud pel fet que el consentiment hagi estat revocat. <\/p>\n<p>&nbsp;<\/p>\n<p><strong>6) CONSENTIMENT<\/strong><\/p>\n<p>L&#8217;usuari haur\u00e0 d&#8217;acceptar de manera expl\u00edcita i activa l&#8217;\u00fas de les cookies anunciades anteriorment, pels per\u00edodes assenyalats anteriorment i en les condicions contingudes en aquesta Pol\u00edtica de Cookies.<\/p>\n<p>&nbsp;<\/p>\n<p><strong>7) RETIRADA DEL CONSENTIMENT<\/strong><\/p>\n<p>L&#8217;usuari podr\u00e0 retirar en qualsevol moment el seu consentiment relacionat amb aquesta Pol\u00edtica de Cookies; per a aix\u00f2, haur\u00e0 d&#8217;eliminar les cookies emmagatzemades al seu equip utilitzant els ajustos i configuracions del seu navegador d&#8217;Internet.<\/p>\n<p>&nbsp;<\/p>\n<p><strong>8) DRETS DE L&#8217;INTERESSAT<\/strong><\/p>\n<p>La majoria de les cookies recopilen informaci\u00f3 an\u00f2nima, que no permet obtenir la identitat de l&#8217;usuari, si b\u00e9 alguns dels codis que s&#8217;inclouen serveixen per a singularitzar o individualitzar el navegador del seu dispositiu utilitzat, i pot ser aplicable la normativa en mat\u00e8ria de protecci\u00f3 de dades personals. Per aix\u00f2, l&#8217;informem que la informaci\u00f3 que s&#8217;obt\u00e9 per mitj\u00e0 de les cookies ser\u00e0 tractada amb les finalitats indicades en aquesta Pol\u00edtica de Cookies. Aix\u00ed mateix, aquesta informaci\u00f3 tamb\u00e9 ser\u00e0 tractada per aquelles empreses que proveeixen cookies amb les finalitats indicades en les seves respectives pol\u00edtiques de privacitat.  <\/p>\n<p>No obstant aix\u00f2, tenint en compte que aquests codis no permeten la identificaci\u00f3 de l&#8217;Usuari, no seran aplicables els drets d&#8217;acc\u00e9s, rectificaci\u00f3, supressi\u00f3, oposici\u00f3, limitaci\u00f3 i portabilitat reconeguts en la normativa de protecci\u00f3 de dades, llevat que l&#8217;Usuari sigui capa\u00e7 d&#8217;aportar informaci\u00f3 addicional que permeti vincular la seva identitat amb els codis identificatius de les seves cookies.<\/p>\n<p>En cas de considerar vulnerat el seu dret a la protecci\u00f3 de dades, l&#8217;usuari podr\u00e0 interposar una reclamaci\u00f3 davant l&#8217;Ag\u00e8ncia Espanyola de Protecci\u00f3 de Dades (www.aepd.es) o davant el nostre Delegat de Protecci\u00f3 de Dades \/ Responsable de Protecci\u00f3 de Dades al seg\u00fcent correu electr\u00f2nic instaran@instaran.com.<\/p>\n<p>D&#8217;altra banda, l&#8217;informem que alguns dels nostres prove\u00efdors, socis i col\u00b7laboradors poden estar situats als Estats Units o altres pa\u00efsos la legislaci\u00f3 dels quals no ofereix un nivell de protecci\u00f3 de dades equivalent a l&#8217;europeu. En consentir l&#8217;\u00fas de cookies i la compartici\u00f3 de dades, consentiu la transfer\u00e8ncia de les seves dades personals. <\/p>\n<p><strong>Gesti\u00f3 de cookies: Garanties complement\u00e0ries.<\/strong><\/p>\n<p>Tots els navegadors d&#8217;Internet permeten limitar el comportament d&#8217;una cookie o desactivar les cookies dins de la configuraci\u00f3 o les opcions del navegador. Els passos per a fer-ho s\u00f3n diferents per a cada navegador, i es poden trobar instruccions al men\u00fa d&#8217;ajuda de cada navegador. <\/p>\n<p>Molts navegadors permeten activar un mode privat mitjan\u00e7ant el qual les cookies s&#8217;esborren sempre despr\u00e9s de la visita. Depenent de cada navegador, aquest mode privat pot tenir diferents noms. A continuaci\u00f3, es pot trobar una llista dels navegadors m\u00e9s comuns amb un enlla\u00e7 a la configuraci\u00f3 de cookies i els diferents noms d&#8217;aquest \u00abmode privat\u00bb:  <\/p>\n<p>&#8211; Internet Explorer: http:\/\/windows.microsoft.com\/es-xl\/internet-explorer\/delete-manage-cookies#ie=ie-11<\/p>\n<p>&#8211; FireFox: https:\/\/support.mozilla.org\/es\/kb\/Borrarcookies<\/p>\n<p>&#8211; Chrome: https:\/\/support.google.com\/chrome\/answer\/95647?hl=es<\/p>\n<p>&#8211; Safari: http:\/\/www.apple.com\/legal\/privacy\/es\/cookies\/<\/p>\n<p>&#8211; Opera: https:\/\/help.opera.com\/en\/latest\/security-and-privacy\/<\/p>\n<p>&#8211; Safari per a iOS (dispositius iPhone i iPad): http:\/\/help.opera.com\/Linux\/10.50\/en\/cookies.html<\/p>\n<p>&#8211; Chrome per a Android: https:\/\/support.google.com\/chrome\/answer\/2392971?hl=es<\/p>\n<p>&#8211; Windows Phone: http:\/\/www.windowsphone.com\/es-es\/how-to\/wp7\/web\/changing-privacy-and-other-browser-<\/p>\n<p>&nbsp;<\/p>\n<p>Per obtenir m\u00e9s informaci\u00f3 sobre l&#8217;eliminaci\u00f3, deshabilitaci\u00f3 o bloqueig de cookies tamb\u00e9 podeu visitar: http:\/\/www.aboutcookies.org\/default.aspx?page=2<\/p>\n<p>En cas que es deshabilitin les cookies, no podrem mantenir les vostres prefer\u00e8ncies i algunes funcionalitats del lloc web podrien quedar inoperatives, no podent oferir-vos serveis personalitzats.<\/p>\n<p>&nbsp;<\/p>\n<p><strong>10) ACTUALITZACI\u00d3 DE LA POL\u00cdTICA DE COOKIES<\/strong><\/p>\n<p>Aquest lloc web pot modificar aquesta Pol\u00edtica sobre Cookies, per aix\u00f2 us recomanem revisar aquesta pol\u00edtica cada vegada que accediu al nostre lloc web per tal d&#8217;estar adequadament informat sobre l&#8217;\u00fas que fem de les cookies.<\/p>\n<p>&nbsp;<\/p>\n<p>\u00daltima revisi\u00f3: 21\/10\/25<\/p>\n<p>[\/et_pb_text][\/et_pb_column][\/et_pb_row][\/et_pb_section]<\/p>\n","protected":false},"excerpt":{"rendered":"<p>Pol\u00edtica de cookiesEn compliment de la Llei 34\/2002 de Serveis de la Societat de la Informaci\u00f3 i del Comer\u00e7 Electr\u00f2nic (LSSICE), s&#8217;informa dels seg\u00fcents aspectes legals del Web: &nbsp; Web: https:\/\/instaran.com\/ Titular: PORTES I AUTOMATISMES ARAN, S.L. Domicili: Avinguda Maladeta, 9, Baixos 25530-VIELHA C.I.F.: B10561058 Tel\u00e8fon: &nbsp; Correu electr\u00f2nic: instaran@instaran.com Dades registrals: INTRODUIR LES DADES [&hellip;]<\/p>\n","protected":false},"author":1,"featured_media":0,"parent":0,"menu_order":0,"comment_status":"closed","ping_status":"closed","template":"","meta":{"_et_pb_use_builder":"on","_et_pb_old_content":"","_et_gb_content_width":"","footnotes":""},"class_list":["post-604","page","type-page","status-publish","hentry"],"_links":{"self":[{"href":"https:\/\/instaran.com\/ca\/wp-json\/wp\/v2\/pages\/604","targetHints":{"allow":["GET"]}}],"collection":[{"href":"https:\/\/instaran.com\/ca\/wp-json\/wp\/v2\/pages"}],"about":[{"href":"https:\/\/instaran.com\/ca\/wp-json\/wp\/v2\/types\/page"}],"author":[{"embeddable":true,"href":"https:\/\/instaran.com\/ca\/wp-json\/wp\/v2\/users\/1"}],"replies":[{"embeddable":true,"href":"https:\/\/instaran.com\/ca\/wp-json\/wp\/v2\/comments?post=604"}],"version-history":[{"count":8,"href":"https:\/\/instaran.com\/ca\/wp-json\/wp\/v2\/pages\/604\/revisions"}],"predecessor-version":[{"id":632,"href":"https:\/\/instaran.com\/ca\/wp-json\/wp\/v2\/pages\/604\/revisions\/632"}],"wp:attachment":[{"href":"https:\/\/instaran.com\/ca\/wp-json\/wp\/v2\/media?parent=604"}],"curies":[{"name":"wp","href":"https:\/\/api.w.org\/{rel}","templated":true}]}}