{"id":610,"date":"2025-10-16T13:19:36","date_gmt":"2025-10-16T11:19:36","guid":{"rendered":"https:\/\/instaran.com\/politica-de-privacitat\/"},"modified":"2025-10-31T10:08:32","modified_gmt":"2025-10-31T09:08:32","slug":"politica-de-privacitat","status":"publish","type":"page","link":"https:\/\/instaran.com\/ca\/politica-de-privacitat\/","title":{"rendered":"Pol\u00edtica de privacitat"},"content":{"rendered":"<p>[et_pb_section fb_built=&#8221;1&#8243; _builder_version=&#8221;4.27.4&#8243; _module_preset=&#8221;default&#8221; global_colors_info=&#8221;{}&#8221;][et_pb_row _builder_version=&#8221;4.27.4&#8243; _module_preset=&#8221;default&#8221; global_colors_info=&#8221;{}&#8221;][et_pb_column type=&#8221;4_4&#8243; _builder_version=&#8221;4.27.4&#8243; _module_preset=&#8221;default&#8221; global_colors_info=&#8221;{}&#8221;][et_pb_text _builder_version=&#8221;4.27.4&#8243; _module_preset=&#8221;default&#8221; global_colors_info=&#8221;{}&#8221;]<\/p>\n<h1>Pol\u00edtica de privacitat<\/h1>\n<p>[\/et_pb_text][et_pb_text _builder_version=&#8221;4.27.4&#8243; _module_preset=&#8221;default&#8221; global_colors_info=&#8221;{}&#8221;]<\/p>\n<p>PORTES I AUTOMATISMES ARAN, S.L. es compromet a protegir la privacitat dels usuaris que accedeixin a aquesta web i\/o qualsevol dels seus serveis. La utilitzaci\u00f3 de la web i\/o qualsevol dels serveis oferts per PORTES I AUTOMATISMES ARAN, S.L., implica l&#8217;acceptaci\u00f3 per part de l&#8217;usuari de les disposicions contingudes en la present Pol\u00edtica de Privacitat i que les seves dades personals siguin tractats segons s&#8217;estipula. Si us plau, tingui en compte que, encara que pugui haver-hi enlla\u00e7os de la nostra web a altres webs, aquesta Pol\u00edtica de Privacitat no s&#8217;aplica a altres companyies o organitzacions a les quals la web estigui redirigida. PORTES I AUTOMATISMES ARAN, S.L. no controla el contingut de les webs de tercers ni accepta cap mena de responsabilitat pel contingut o les pol\u00edtiques de privacitat d&#8217;aquests llocs web.   <\/p>\n<p>&nbsp;<\/p>\n<p><strong>1) INFORMACI\u00d3 DEL TITULAR<\/strong><\/p>\n<p>En compliment de l&#8217;article 10 de la Llei 34\/2002, d&#8217;11 de juliol, de Serveis de la Societat de la Informaci\u00f3 i Comer\u00e7 Electr\u00f2nic, a continuaci\u00f3, s&#8217;exposen les dades identificatives del Titular:<\/p>\n<p>&nbsp;<\/p>\n<table width=\"567\">\n<tbody>\n<tr>\n<td width=\"133\">\n<p>Web:<\/p>\n<\/td>\n<td width=\"433\">\n<p><a href=\"https:\/\/instaran.com\/ca\/\">https:\/\/instaran.com\/<\/a> <\/p>\n<\/td>\n<\/tr>\n<tr>\n<td width=\"133\">\n<p>Titular:<\/p>\n<\/td>\n<td width=\"433\">\n<p>PORTES I AUTOMATISMES ARAN, S.L.<\/p>\n<\/td>\n<\/tr>\n<tr>\n<td width=\"133\">\n<p>Domicili:<\/p>\n<\/td>\n<td width=\"433\">\n<p>Avinguda Maladeta, 9, Baixos 25530-VIELHA<\/p>\n<\/td>\n<\/tr>\n<tr>\n<td width=\"133\">\n<p>C.I.F.:<\/p>\n<\/td>\n<td width=\"433\">\n<p>B10561058<\/p>\n<\/td>\n<\/tr>\n<tr>\n<td width=\"133\">\n<p>Tel\u00e8fon:<\/p>\n<\/td>\n<td width=\"433\">\n<p>&nbsp;<\/p>\n<\/td>\n<\/tr>\n<tr>\n<td width=\"133\">\n<p>Correu electr\u00f2nic:<\/p>\n<\/td>\n<td width=\"433\">\n<p><a href=\"mailto:instaran@instaran.com\">instaran@instaran.com<\/a> <\/p>\n<\/td>\n<\/tr>\n<tr>\n<td width=\"133\">\n<p>Dades registrals:<\/p>\n<\/td>\n<td width=\"433\">\n<p>INTRODUIR LES DADES REGISTRALS<\/p>\n<\/td>\n<\/tr>\n<\/tbody>\n<\/table>\n<p>&nbsp;<\/p>\n<p><strong>2) LLEIS APLICABLES<\/strong><\/p>\n<p>La present pol\u00edtica de privacitat es fonamenta per a la seva confecci\u00f3 sobre la base de la normativa espanyola i europea vigent en mat\u00e8ria de protecci\u00f3 de dades personals a internet. En concret, la mateixa respecta les seg\u00fcents normes: <\/p>\n<p>&#8211; El Reglament (UE) 2016\/679 del Parlament Europeu i del Consell, de 27 d&#8217;abril de 2016, relatiu a la protecci\u00f3 de les persones f\u00edsiques pel que fa al tractament de dades personals i a la lliure circulaci\u00f3 d&#8217;aquestes dades (RGPD).<\/p>\n<p>&#8211; La Llei org\u00e0nica 3\/2018, de 5 de desembre, de Protecci\u00f3 de Dades Personals i garantia dels drets digitals (LOPD-GDD).<\/p>\n<p>&#8211; La Llei 34\/2002, d&#8217;11 de juliol, de Serveis de la Societat de la Informaci\u00f3 i de Comer\u00e7 Electr\u00f2nic (LSSI-CE).<\/p>\n<p>&nbsp;<\/p>\n<p><strong>3) Q\u00dcESTIONS SOBRE PRIVACITAT<\/strong><\/p>\n<p>En compliment del Reglament (UE) 2016\/679 del Parlament Europeu i del Consell, de 27 d&#8217;abril de 2016, (RGPD) i de la Llei org\u00e0nica 3\/2018, de 5 de desembre, de Protecci\u00f3 de Dades Personals i garantia de drets digitals, us oferim la seg\u00fcent informaci\u00f3 sobre el tractament de les dades personals que pugueu facilitar-nos:<\/p>\n<p>Responsable del Fitxer:<\/p>\n<p>PORTES I AUTOMATISMES ARAN, S.L.<\/p>\n<p>Les nostres dades es troben a la part superior d&#8217;aquest av\u00eds legal.<\/p>\n<p><strong>Registre de Dades de Car\u00e0cter Personal<\/strong><\/p>\n<p>En compliment del que s&#8217;estableix en el RGPD i la LOPD-GDD, us informem que les dades personals recaptades per PORTES I AUTOMATISMES ARAN, S.L., mitjan\u00e7ant els formularis estesos en les seves p\u00e0gines quedaran incorporats i seran tractats en el nostre fitxer amb la finalitat de poder facilitar, agilitzar i complir els compromisos establerts entre PORTES I AUTOMATISMES ARAN, S.L. i l&#8217;Usuari o el manteniment de la relaci\u00f3 que s&#8217;estableixi en els formularis que aquest empleni, o per a atendre una sol\u00b7licitud o consulta d&#8217;aquest. Aix\u00ed mateix, de conformitat amb el que es preveu en el RGPD i la LOPD-GDD, tret que sigui aplicable l&#8217;excepci\u00f3 prevista en l&#8217;article 30.5 del RGPD, es mant\u00e9 un registre d&#8217;activitats de tractament que especifica, segons les seves finalitats, les activitats de tractament dutes a terme i les altres circumst\u00e0ncies establertes en el RGPD. <\/p>\n<p><strong>Base Legal per al tractament<\/strong><\/p>\n<p>La base legal pel tractament de les dades personals \u00e9s el consentiment. PORTES I AUTOMATISMES ARAN, S.L. es compromet a recaptar el consentiment expr\u00e9s i verificable de l&#8217;Usuari per al tractament de les seves dades personals per a un o diversos fins espec\u00edfics. <\/p>\n<p>L&#8217;Usuari tindr\u00e0 dret a retirar el seu consentiment en qualsevol moment. Ser\u00e0 tan f\u00e0cil retirar el consentiment com donar-lo. Com a regla general, la retirada del consentiment no condicionar\u00e0 l&#8217;\u00fas del Lloc web.  <\/p>\n<p>En les ocasions en les quals l&#8217;Usuari hagi o pugui facilitar les seves dades a trav\u00e9s de formularis per a realitzar consultes, sol\u00b7licitar informaci\u00f3 o per motius relacionats amb el contingut del Lloc web, se l&#8217;informar\u00e0 en cas que l&#8217;emplenament d&#8217;algun d&#8217;ells sigui obligatori pel fet que els mateixos siguin imprescindibles per al correcte desenvolupament de l&#8217;operaci\u00f3 realitzada.<\/p>\n<p>Altres bases de legitimaci\u00f3:<\/p>\n<p>Compliment d&#8217;obligacions legals.<\/p>\n<p>Inter\u00e8s leg\u00edtim: enviament de publicitat pr\u00f2pia.<\/p>\n<p><strong>Categories de dades<\/strong><\/p>\n<p>Les categories de dades que es tracten a PORTES I AUTOMATISMES ARAN, S.L. s\u00f3n \u00fanicament dades identificatives. En cap cas, es tracten categories especials de dades personals en el sentit de l&#8217;article 9 del RGPD. <\/p>\n<p><strong>Proced\u00e8ncia de les seves dades<\/strong><\/p>\n<p>Dades facilitades pels clients destinataris dels serveis, per qualsevol mitj\u00e0.<\/p>\n<p>Dades que els usuaris subministren a trav\u00e9s dels diferents serveis oferts a la p\u00e0gina web.<\/p>\n<p>&nbsp;<\/p>\n<p>&nbsp;<\/p>\n<p><strong>Per\u00edode de conservaci\u00f3 de les dades personals<\/strong><\/p>\n<p>Les dades personals nom\u00e9s seran retingudes durant el temps m\u00ednim necessari per als fins del seu tractament i, en tot cas, \u00fanicament durant el seg\u00fcent termini: Les dades personals proporcionades es conservaran durant el temps estrictament necessari. \u00c9s a dir, mentre sigui usuari dels nostres serveis o vulgui seguir rebent informaci\u00f3, o fins que l&#8217;Usuari sol\u00b7liciti el seu dret de cancel\u00b7laci\u00f3 o oposici\u00f3, o limitaci\u00f3 al tractament. No obstant aix\u00f2, conservarem determinades dades personals identificatives i del tr\u00e0nsit durant el termini m\u00e0xim de 2 anys per al cas que fos requerit pels Jutges i Tribunals o per a incoar accions internes derivades de l&#8217;\u00fas indegut de la p\u00e0gina web.<\/p>\n<p>En el moment en qu\u00e8 s&#8217;obtinguin les dades personals, s&#8217;informar\u00e0 l&#8217;Usuari sobre el termini durant el qual es conservaran les dades personals o, quan aix\u00f2 no sigui possible, els criteris utilitzats per a determinar aquest termini.<\/p>\n<p>Aix\u00ed mateix, us informem que les nostres pol\u00edtiques de conservaci\u00f3 de la informaci\u00f3 s&#8217;ajusten als terminis que marquen les diferents responsabilitats legals a l&#8217;efecte de prescripci\u00f3:<\/p>\n<ol>\n<li>a) Regla General:<\/li>\n<\/ol>\n<p>En virtut del que s&#8217;estableix en l&#8217;article 30 del Codi de Comer\u00e7, i excepte altres criteris, tots els documents i\/o informaci\u00f3 de l&#8217;empresa es conservar\u00e0 durant 6 anys.<\/p>\n<p>Aix\u00f2 afecta a tota la documentaci\u00f3 comptable, fiscal, laboral o mercantil, inclosa la correspond\u00e8ncia.<\/p>\n<ol>\n<li>b) Terminis espec\u00edfics:<\/li>\n<\/ol>\n<p>La nostra empresa tamb\u00e9 ha de marcar uns m\u00ednims terminis en funci\u00f3 de la tipologia de dades que es tracti i atesos els diferents terminis de prescripci\u00f3, que hauran de con\u00e8ixer cadascun dels departaments.<\/p>\n<p>No ser\u00e0 objecte de decisions basades en tractaments automatitzats que produeixin efectes sobre les seves dades.<\/p>\n<p><strong>Finalitats del tractament<\/strong><\/p>\n<p>Detallem a continuaci\u00f3 les finalitats dels tractaments de dades duts a terme:<\/p>\n<p>GESTI\u00d3 DE CLIENTS: Poder prestar els serveis contractats dins d&#8217;activitat natural de cada empresa i facturar els mateixos. Les dades proporcionades es conservaran mentre es mantingui la relaci\u00f3 comercial o durant els anys necessaris per a complir amb les obligacions legals. <\/p>\n<p>GESTI\u00d3 DE POSSIBLES CLIENTS: Poder enviar a persones amb inter\u00e8s leg\u00edtim informaci\u00f3 relacionada amb els nostres productes i serveis per qualsevol mitj\u00e0 disponible, i convidar-los a esdeveniments del seu inter\u00e8s. Les dades proporcionades es conservaran mentre no sol\u00b7liciti el cessament d&#8217;aquest tractament i seran recaptats previ consentiment expr\u00e9s. <\/p>\n<p>&nbsp;<\/p>\n<p><strong>Destinataris de les dades<\/strong><\/p>\n<p>Les dades personals de l&#8217;Usuari no seran compartits amb tercers.<\/p>\n<p>En qualsevol cas, en el moment en qu\u00e8 s&#8217;obtinguin les dades personals, s&#8217;informar\u00e0 l&#8217;Usuari sobre els destinataris o les categories de destinataris de les dades personals.<\/p>\n<p><strong>Dades Personals de Menors<\/strong><\/p>\n<p>Respectant el que s&#8217;estableix en els articles 8 del RGPD i 7 de la Llei org\u00e0nica 3\/2018, de 5 de desembre, de Protecci\u00f3 de Dades Personals i garantia dels drets digitals, nom\u00e9s els majors de 14 anys podran atorgar el seu consentiment per al tractament de les seves dades personals de manera l\u00edcita per PORTES I AUTOMATISMES ARAN, S.L.. Si es tracta d&#8217;un menor de 14 anys, ser\u00e0 necessari el consentiment dels pares o tutors per al tractament, i aquest nom\u00e9s es considerar\u00e0 l\u00edcit en la mesura en la qual els mateixos l&#8217;hagin autoritzat. Si no \u00e9s aix\u00ed el\/la representant legal deur\u00e0 informar-vos-en quan sigui possible.  <\/p>\n<p><strong>Drets derivats del tractament de dades personals<\/strong><\/p>\n<p>L&#8217;Usuari podr\u00e0 exercir enfront del Responsable del tractament els seg\u00fcents drets reconeguts en el RGPD i la Llei org\u00e0nica 3\/2018, de 5 de desembre, de Protecci\u00f3 de Dades Personals i garantia dels drets digitals:<\/p>\n<p>Dret d&#8217;acc\u00e9s: \u00c9s el dret de l&#8217;Usuari a obtenir confirmaci\u00f3 de si PORTES I AUTOMATISMES ARAN, S.L. est\u00e0 tractant o no les seves dades personals i, en cas afirmatiu, obtenir informaci\u00f3 sobre les seves dades concretes de car\u00e0cter personal i del tractament que PORTES I AUTOMATISMES ARAN, S.L. hagi realitzat o realitzi, aix\u00ed com, entre una altra, de la informaci\u00f3 disponible sobre l&#8217;origen d&#8217;aquestes dades i els destinataris de les comunicacions realitzades o previstes d&#8217;aquests.<\/p>\n<p>Dret de rectificaci\u00f3: \u00c9s el dret de l&#8217;Usuari al fet que es modifiquin les seves dades personals que resultin ser inexactes o, tenint en compte els fins del tractament, incomplets.<\/p>\n<p>Dret de supressi\u00f3 (&#8220;el dret a l&#8217;oblit&#8221;): \u00c9s el dret de l&#8217;Usuari, sempre que la legislaci\u00f3 vigent no estableixi el contrari, a obtenir la supressi\u00f3 de les seves dades personals quan aquests ja no siguin necessaris per als fins per als quals van ser recollits o tractats; l&#8217;Usuari hagi retirat el seu consentiment al tractament i aquest no compti amb una altra base legal; l&#8217;Usuari s&#8217;oposi al tractament i no existeixi un altre motiu leg\u00edtim per a continuar amb aquest; les dades personals hagin estat tractats de manera il\u00b7l\u00edcita; les dades personals hagin de suprimir-se en compliment d&#8217;una obligaci\u00f3 legal; o les dades personals hagin estat obtinguts producte d&#8217;una oferta directa de serveis de la societat de la informaci\u00f3 a un menor de 14 anys. A m\u00e9s de suprimir les dades, el Responsable del tractament, tenint en compte la tecnologia disponible i el cost de la seva aplicaci\u00f3, haur\u00e0 d&#8217;adoptar mesures raonables per a informar els responsables que estiguin tractant les dades personals de la sol\u00b7licitud de l&#8217;interessat de supressi\u00f3 de qualsevol enlla\u00e7 a aquestes dades personals. <\/p>\n<p>Dret a la limitaci\u00f3 del tractament: \u00c9s el dret de l&#8217;Usuari a limitar el tractament de les seves dades personals. L&#8217;Usuari t\u00e9 dret a obtenir la limitaci\u00f3 del tractament quan impugni l&#8217;exactitud de les seves dades personals; el tractament sigui il\u00b7l\u00edcit; el Responsable del tractament ja no necessiti les dades personals, per\u00f2 l&#8217;Usuari el necessiti per a fer reclamacions; i quan l&#8217;Usuari s&#8217;hagi oposat al tractament. <\/p>\n<p>Dret a la portabilitat de les dades: En cas que el tractament s&#8217;efectu\u00ef per mitjans automatitzats, l&#8217;Usuari tindr\u00e0 dret a rebre del Responsable del tractament les seves dades personals en un format estructurat, d&#8217;\u00fas com\u00fa i lectura mec\u00e0nica, i a transmetre&#8217;ls a un altre responsable del tractament. Sempre que sigui t\u00e8cnicament possible, el Responsable del tractament transmetr\u00e0 directament les dades a aquest altre responsable. <\/p>\n<p>Dret d&#8217;oposici\u00f3: \u00c9s el dret de l&#8217;Usuari al fet que no es dugui a terme el tractament de les seves dades de car\u00e0cter personal o se cessi el tractament dels mateixos per part de PORTES I AUTOMATISMES ARAN, S.L..<\/p>\n<p>Dret a no ser objecte d&#8217;una decisi\u00f3 basada \u00fanicament en el tractament automatitzat, inclosa l&#8217;elaboraci\u00f3 de perfils: \u00c9s el dret de l&#8217;Usuari a no ser objecte d&#8217;una decisi\u00f3 individualitzada basada \u00fanicament en el tractament automatitzat de les seves dades personals, inclosa l&#8217;elaboraci\u00f3 de perfils, existent tret que la legislaci\u00f3 vigent estableixi el contrari.<\/p>\n<p>Finalment, els\/les interessats\/des tenen dret a presentar una reclamaci\u00f3 davant l&#8217;Autoritat de Control competent (AEPD) en cas que l&#8217;Usuari consideri que existeix un problema o infracci\u00f3 de la normativa vigent en la forma en la qual s&#8217;estan tractant les seves dades personals.<\/p>\n<p>Pot exercir els drets anteriors enviant-nos un escrit adjuntant una c\u00f2pia d&#8217;un document que l&#8217;identifiqui al nostre domicili o correu electr\u00f2nic (que apareixen al principi del present text).<\/p>\n<p>&nbsp;<\/p>\n<p><strong>4) PRINCIPIS APLICABLES AL TRACTAMENT DE DADES PERSONALS<\/strong><\/p>\n<p>El tractament de les dades personals del client usuari se sotmetr\u00e0 als seg\u00fcents principis recollits en l&#8217;art. 5 del RGPD i en l&#8217;article 4 i seg\u00fcents de la LOPDGDD: <\/p>\n<p><strong>Principi de licitud, lleialtat i transpar\u00e8ncia:<\/strong><\/p>\n<p>Es requerir\u00e0 en tot moment el consentiment de l&#8217;usuari pr\u00e8via informaci\u00f3 completament transparent dels fins per als quals es recullen les dades personals.<\/p>\n<p><strong>Principi de limitaci\u00f3 de la finalitat:<\/strong><\/p>\n<p>Les dades personals seran recollits amb finalitats determinats, expl\u00edcits i leg\u00edtims.<\/p>\n<p><strong>Principi de minimitzaci\u00f3 de dades:<\/strong><\/p>\n<p>Les dades personals recollits seran \u00fanicament els estrictament necessaris en relaci\u00f3 amb els fins per als quals s\u00f3n tractats.<\/p>\n<p><strong>Principi d&#8217;exactitud:<\/strong><\/p>\n<p>Les dades personals han de ser exactes i estar sempre actualitzats.<\/p>\n<p><strong>Principi de limitaci\u00f3 del termini de conservaci\u00f3:<\/strong><\/p>\n<p>Les dades personals nom\u00e9s seran mantinguts de manera que es permeti la identificaci\u00f3 de l&#8217;usuari durant el temps necessari per als fins del tractament.<\/p>\n<p><strong>Principi d&#8217;integritat i confidencialitat:<\/strong><\/p>\n<p>Les dades personals seran tractats de manera que es garanteixi la seva seguretat i reserva.<\/p>\n<p><strong>Principi de responsabilitat proactiva:<\/strong><\/p>\n<p>El responsable del Lloc web mantindr\u00e0 i regular\u00e0 els mitjans t\u00e8cnics i log\u00edstics necessaris suficients perqu\u00e8 tots els principis aplicables al tractament es compleixin.<\/p>\n<p>&nbsp;<\/p>\n<p><strong>5) QUINES MESURES DE SEGURETAT APLIQUEM?<\/strong><\/p>\n<p>Apliquem les mesures de seguretat establertes en l&#8217;article 32 del RGPD, per tant, hem adoptat les mesures de seguretat necess\u00e0ries per a garantir un nivell de seguretat adequat al risc del tractament de les dades que realitzem, amb mecanismes que ens permeten garantir la confidencialitat, integritat, disponibilitat i resili\u00e8ncia permanent dels sistemes i serveis de tractament.<\/p>\n<p>Algunes d&#8217;aquestes mesures s\u00f3n:<\/p>\n<p>&#8211; Informaci\u00f3 de les pol\u00edtiques de tractament de les dades al personal.<\/p>\n<p>&#8211; Realitzaci\u00f3 de c\u00f2pies de seguretat peri\u00f2diques.<\/p>\n<p>&#8211; Control d&#8217;acc\u00e9s a les dades.<\/p>\n<p>&#8211; Processos de verificaci\u00f3, avaluaci\u00f3 i valoraci\u00f3 regulars.<\/p>\n<p>&nbsp;<\/p>\n<p><strong>6) SECRET I SEGURETAT DE LES DADES PERSONALS<\/strong><\/p>\n<p>PORTES I AUTOMATISMES ARAN, S.L. es compromet a adoptar les mesures t\u00e8cniques i organitzatives necess\u00e0ries, segons el nivell de seguretat adequat al risc de les dades recollides, de manera que es garanteixi la seguretat de les dades de car\u00e0cter personal i s&#8217;eviti la destrucci\u00f3, p\u00e8rdua o alteraci\u00f3 accidental o il\u00b7l\u00edcita de dades personals transmeses, conservats o tractats d&#8217;una altra forma, o la comunicaci\u00f3 o acc\u00e9s no autoritzats a aquestes dades.<\/p>\n<p>El Lloc web compta amb un certificat SSL (Secure Socket Layer), que assegura que les dades personals es transmeten de manera segura i confidencial, a l&#8217;\u00e9sser la transmissi\u00f3 de les dades entre el servidor i l&#8217;Usuari, i en retroalimentaci\u00f3, totalment xifrada o encriptada.<\/p>\n<p>No obstant aix\u00f2, pel fet que PORTES I AUTOMATISMES ARAN, S.L. no pot garantir la inexpugnabilitat d&#8217;internet ni l&#8217;abs\u00e8ncia total de hackers o altres que accedeixin de manera fraudulenta a les dades personals, el Responsable del tractament es compromet a comunicar a l&#8217;Usuari sense dilaci\u00f3 indeguda quan ocorri una violaci\u00f3 de la seguretat de les dades personals que sigui probable que comporti un alt risc per als drets i llibertats de les persones f\u00edsiques. Seguint el que s&#8217;estableix en l&#8217;article 4 del RGPD, s&#8217;ent\u00e9n per violaci\u00f3 de la seguretat de les dades personals tota violaci\u00f3 de la seguretat que ocasioni la destrucci\u00f3, p\u00e8rdua o alteraci\u00f3 accidental o il\u00b7l\u00edcita de dades personals transmeses, conservats o tractats d&#8217;una altra forma, o la comunicaci\u00f3 o acc\u00e9s no autoritzats a aquestes dades. <\/p>\n<p>Les dades personals seran tractades com a confidencials pel Responsable del tractament, qui es compromet a informar de i a garantir per mitj\u00e0 d&#8217;una obligaci\u00f3 legal o contractual que aquesta confidencialitat sigui respectada pels seus empleats, associats, i tota persona a la qual li faci accessible la informaci\u00f3.<\/p>\n<p>&nbsp;<\/p>\n<p><strong>7) ENLLA\u00c7OS A LLOCS WEB DE TERCERS<\/strong><\/p>\n<p>El Lloc web pot incloure enlla\u00e7os o enlla\u00e7os que permeten accedir a p\u00e0gines web de tercers diferents de PORTES I AUTOMATISMES ARAN, S.L., i que per tant no s\u00f3n operats per PORTES I AUTOMATISMES ARAN, S.L.. Els titulars d&#8217;aquests llocs web disposaran de les seves pr\u00f2pies pol\u00edtiques de protecci\u00f3 de dades, sent ells mateixos, en cada cas, responsables dels seus propis fitxers i de les seves pr\u00f2pies pr\u00e0ctiques de privacitat. <\/p>\n<p>&nbsp;<\/p>\n<p><strong>8) ACCEPTACI\u00d3 I CANVIS EN AQUESTA POL\u00cdTICA DE PRIVACITAT<\/strong><\/p>\n<p>\u00c9s necessari que l&#8217;Usuari hagi llegit i estigui conforme amb les condicions sobre la protecci\u00f3 de dades de car\u00e0cter personal contingudes en aquesta Pol\u00edtica de Privacitat, aix\u00ed com que accepti el tractament de les seves dades personals perqu\u00e8 el Responsable del tractament pugui procedir al mateix en la forma, durant els terminis i per a les finalitats indicades. L&#8217;\u00fas del Lloc web implicar\u00e0 l&#8217;acceptaci\u00f3 de la Pol\u00edtica de Privacitat d&#8217;aquest. <\/p>\n<p>PORTES I AUTOMATISMES ARAN, S.L. es reserva el dret a modificar la seva Pol\u00edtica de Privacitat, d&#8217;acord amb el seu propi criteri, o motivat per un canvi legislatiu, jurisprudencial o doctrinal de l&#8217;Ag\u00e8ncia Espanyola de Protecci\u00f3 de Dades. Els canvis o actualitzacions d&#8217;aquesta Pol\u00edtica de Privacitat no seran notificats de manera expl\u00edcita a l&#8217;Usuari. Es recomana a l&#8217;Usuari consultar aquesta p\u00e0gina de manera peri\u00f2dica per a estar al corrent dels \u00faltims canvis o actualitzacions.  <\/p>\n<p>&nbsp;<\/p>\n<p>\u00daltima actualitzaci\u00f3: 21\/10\/25<\/p>\n<p>[\/et_pb_text][\/et_pb_column][\/et_pb_row][\/et_pb_section]<\/p>\n","protected":false},"excerpt":{"rendered":"<p>Pol\u00edtica de privacitatPORTES I AUTOMATISMES ARAN, S.L. es compromet a protegir la privacitat dels usuaris que accedeixin a aquesta web i\/o qualsevol dels seus serveis. La utilitzaci\u00f3 de la web i\/o qualsevol dels serveis oferts per PORTES I AUTOMATISMES ARAN, S.L., implica l&#8217;acceptaci\u00f3 per part de l&#8217;usuari de les disposicions contingudes en la present Pol\u00edtica [&hellip;]<\/p>\n","protected":false},"author":1,"featured_media":0,"parent":0,"menu_order":0,"comment_status":"closed","ping_status":"closed","template":"","meta":{"_et_pb_use_builder":"on","_et_pb_old_content":"","_et_gb_content_width":"","footnotes":""},"class_list":["post-610","page","type-page","status-publish","hentry"],"_links":{"self":[{"href":"https:\/\/instaran.com\/ca\/wp-json\/wp\/v2\/pages\/610","targetHints":{"allow":["GET"]}}],"collection":[{"href":"https:\/\/instaran.com\/ca\/wp-json\/wp\/v2\/pages"}],"about":[{"href":"https:\/\/instaran.com\/ca\/wp-json\/wp\/v2\/types\/page"}],"author":[{"embeddable":true,"href":"https:\/\/instaran.com\/ca\/wp-json\/wp\/v2\/users\/1"}],"replies":[{"embeddable":true,"href":"https:\/\/instaran.com\/ca\/wp-json\/wp\/v2\/comments?post=610"}],"version-history":[{"count":8,"href":"https:\/\/instaran.com\/ca\/wp-json\/wp\/v2\/pages\/610\/revisions"}],"predecessor-version":[{"id":642,"href":"https:\/\/instaran.com\/ca\/wp-json\/wp\/v2\/pages\/610\/revisions\/642"}],"wp:attachment":[{"href":"https:\/\/instaran.com\/ca\/wp-json\/wp\/v2\/media?parent=610"}],"curies":[{"name":"wp","href":"https:\/\/api.w.org\/{rel}","templated":true}]}}